{"id":15,"date":"2025-04-28T16:10:43","date_gmt":"2025-04-28T14:10:43","guid":{"rendered":"https:\/\/skills.xn--grg-sna.at\/?page_id=15"},"modified":"2025-04-28T16:47:00","modified_gmt":"2025-04-28T14:47:00","slug":"philosphie","status":"publish","type":"page","link":"https:\/\/skills.xn--grg-sna.at\/?page_id=15","title":{"rendered":"Weiterentwicklung"},"content":{"rendered":"\n<p>Hier kann in Zukunft eine pers\u00f6nliche Einsch\u00e4tzung der Denkweise und F\u00e4higkeiten erstellt werden. So werden St\u00e4rken und Verbesserungsm\u00f6glichkeiten offengelegt.<\/p>\n","protected":false},"excerpt":{"rendered":"<p>Hier kann in Zukunft eine pers\u00f6nliche Einsch\u00e4tzung der Denkweise und F\u00e4higkeiten erstellt werden. So werden St\u00e4rken und Verbesserungsm\u00f6glichkeiten offengelegt.<\/p>\n","protected":false},"author":1,"featured_media":0,"parent":0,"menu_order":0,"comment_status":"open","ping_status":"closed","template":"","meta":{"footnotes":""},"class_list":["post-15","page","type-page","status-publish","hentry"],"_links":{"self":[{"href":"https:\/\/skills.xn--grg-sna.at\/index.php?rest_route=\/wp\/v2\/pages\/15","targetHints":{"allow":["GET"]}}],"collection":[{"href":"https:\/\/skills.xn--grg-sna.at\/index.php?rest_route=\/wp\/v2\/pages"}],"about":[{"href":"https:\/\/skills.xn--grg-sna.at\/index.php?rest_route=\/wp\/v2\/types\/page"}],"author":[{"embeddable":true,"href":"https:\/\/skills.xn--grg-sna.at\/index.php?rest_route=\/wp\/v2\/users\/1"}],"replies":[{"embeddable":true,"href":"https:\/\/skills.xn--grg-sna.at\/index.php?rest_route=%2Fwp%2Fv2%2Fcomments&post=15"}],"version-history":[{"count":3,"href":"https:\/\/skills.xn--grg-sna.at\/index.php?rest_route=\/wp\/v2\/pages\/15\/revisions"}],"predecessor-version":[{"id":17,"href":"https:\/\/skills.xn--grg-sna.at\/index.php?rest_route=\/wp\/v2\/pages\/15\/revisions\/17"}],"wp:attachment":[{"href":"https:\/\/skills.xn--grg-sna.at\/index.php?rest_route=%2Fwp%2Fv2%2Fmedia&parent=15"}],"curies":[{"name":"wp","href":"https:\/\/api.w.org\/{rel}","templated":true}]}}